{"id":238940,"date":"2020-05-05T17:27:47","date_gmt":"2020-05-05T17:27:47","guid":{"rendered":"https:\/\/mazerollelemay.com\/?page_id=238940"},"modified":"2024-05-27T12:16:57","modified_gmt":"2024-05-27T17:16:57","slug":"construction","status":"publish","type":"page","link":"https:\/\/mazerollelemay.com\/en\/construction\/","title":{"rendered":"Construction"},"content":{"rendered":"<p>[et_pb_section fb_built=\u00a0\u00bb1&Prime; admin_label=\u00a0\u00bbHeader\u00a0\u00bb module_class=\u00a0\u00bbddd_landing_header\u00a0\u00bb _builder_version=\u00a0\u00bb4.3.3&Prime; background_image=\u00a0\u00bbhttps:\/\/mazerollelemay.com\/wp-content\/uploads\/2020\/09\/construction-2.jpg\u00a0\u00bb max_width=\u00a0\u00bb100%\u00a0\u00bb height=\u00a0\u00bb325px\u00a0\u00bb custom_margin=\u00a0\u00bb105px||||false|false\u00a0\u00bb custom_margin_tablet=\u00a0\u00bb0px||||false|false\u00a0\u00bb custom_margin_phone=\u00a0\u00bb\u00a0\u00bb custom_margin_last_edited=\u00a0\u00bbon|tablet\u00a0\u00bb custom_padding=\u00a0\u00bb54px|0px|0px|0px\u00a0\u00bb bottom_divider_color=\u00a0\u00bb#ffffff\u00a0\u00bb bottom_divider_height=\u00a0\u00bb175px\u00a0\u00bb custom_css_before=\u00a0\u00bbcontent: %22%22;||display: block;||background-image: linear-gradient(to right, rgba(255, 255, 255, 1), rgba(255, 255, 255, .85), rgba(255, 255, 255, .75), rgba(255, 255, 255, .5), rgba(255, 255, 255, 0));||position: absolute;||top: 0;||left: 0;||width: 100%;||height: 100%;\u00a0\u00bb][et_pb_row custom_padding_last_edited=\u00a0\u00bbon|phone\u00a0\u00bb admin_label=\u00a0\u00bbHeader\u00a0\u00bb _builder_version=\u00a0\u00bb4.3.3&Prime; background_size=\u00a0\u00bbinitial\u00a0\u00bb background_position=\u00a0\u00bbtop_left\u00a0\u00bb background_repeat=\u00a0\u00bbrepeat\u00a0\u00bb max_width=\u00a0\u00bb1467px\u00a0\u00bb custom_margin=\u00a0\u00bb|||\u00a0\u00bb custom_padding=\u00a0\u00bb5.5%||5.5%||true|\u00a0\u00bb custom_padding_tablet=\u00a0\u00bb\u00a0\u00bb custom_padding_phone=\u00a0\u00bb10%||10%||true|false\u00a0\u00bb use_custom_width=\u00a0\u00bbon\u00a0\u00bb custom_width_px=\u00a0\u00bb1175px\u00a0\u00bb][et_pb_column type=\u00a0\u00bb4_4&Prime; _builder_version=\u00a0\u00bb3.25&Prime; custom_padding=\u00a0\u00bb|||\u00a0\u00bb custom_padding__hover=\u00a0\u00bb|||\u00a0\u00bb][et_pb_text admin_label=\u00a0\u00bbYour Title\u00a0\u00bb _builder_version=\u00a0\u00bb4.3.3&Prime; text_font=\u00a0\u00bbLibre Baskerville||||||||\u00a0\u00bb text_text_color=\u00a0\u00bb#1e3888&Prime; text_font_size=\u00a0\u00bb48px\u00a0\u00bb text_letter_spacing=\u00a0\u00bb0.5px\u00a0\u00bb text_line_height=\u00a0\u00bb60px\u00a0\u00bb background_layout=\u00a0\u00bbdark\u00a0\u00bb custom_margin=\u00a0\u00bb-1px||1px|0px|false|false\u00a0\u00bb custom_padding=\u00a0\u00bb2px|||0px||\u00a0\u00bb text_font_size_tablet=\u00a0\u00bb40&Prime; text_font_size_phone=\u00a0\u00bb32px\u00a0\u00bb text_font_size_last_edited=\u00a0\u00bbon|phone\u00a0\u00bb]<\/p>\n<p style=\"text-align: center;\">Construction<\/p>\n<p>[\/et_pb_text][\/et_pb_column][\/et_pb_row][\/et_pb_section][et_pb_section fb_built=\u00a0\u00bb1&Prime; custom_padding_last_edited=\u00a0\u00bbon|phone\u00a0\u00bb admin_label=\u00a0\u00bbOur Mission\u00a0\u00bb module_class=\u00a0\u00bbddd_landing_mission\u00a0\u00bb _builder_version=\u00a0\u00bb4.3.3&Prime; min_height=\u00a0\u00bb111px\u00a0\u00bb custom_padding=\u00a0\u00bb60px|0px|60px|0px|true|\u00a0\u00bb custom_padding_tablet=\u00a0\u00bb\u00a0\u00bb custom_padding_phone=\u00a0\u00bb30px||30px||true|false\u00a0\u00bb][et_pb_row column_structure=\u00a0\u00bb3_5,2_5&Prime; _builder_version=\u00a0\u00bb4.3.3&Prime; custom_padding=\u00a0\u00bb3px||2px|||\u00a0\u00bb][et_pb_column type=\u00a0\u00bb3_5&Prime; _builder_version=\u00a0\u00bb4.3.3&Prime;][et_pb_text _builder_version=\u00a0\u00bb4.3.3&Prime; text_font=\u00a0\u00bbMontserrat||||||||\u00a0\u00bb text_font_size=\u00a0\u00bb18px\u00a0\u00bb text_line_height=\u00a0\u00bb1.8em\u00a0\u00bb custom_margin=\u00a0\u00bb6px|-30px|||false|false\u00a0\u00bb custom_padding=\u00a0\u00bb|64px||0px|false|false\u00a0\u00bb custom_padding_tablet=\u00a0\u00bb\u00a0\u00bb custom_padding_phone=\u00a0\u00bb|40px||0px|false|false\u00a0\u00bb custom_padding_last_edited=\u00a0\u00bbon|phone\u00a0\u00bb text_font_size_tablet=\u00a0\u00bb\u00a0\u00bb text_font_size_phone=\u00a0\u00bb16px\u00a0\u00bb text_font_size_last_edited=\u00a0\u00bbon|phone\u00a0\u00bb border_color_right=\u00a0\u00bb#1e3888&Prime;]<\/p>\n<p>L\u2019industrie de la construction comprend une multitude d\u2019acteurs qui requi\u00e8rent des services juridiques sp\u00e9cifiques. Ayant acquis une vaste exp\u00e9rience en mati\u00e8re de droit contractuel, droit commercial, planification et am\u00e9nagement, ainsi qu\u2019en droit de l\u2019emploi et du travail, nos avocats poss\u00e8dent les outils pour vous conseiller sur toutes vos questions portant sur le droit de la construction.<\/p>\n<p>[\/et_pb_text][et_pb_button button_text=\u00a0\u00bbVoir les autres services\u00a0\u00bb button_alignment=\u00a0\u00bbleft\u00a0\u00bb button_alignment_tablet=\u00a0\u00bbcenter\u00a0\u00bb button_alignment_phone=\u00a0\u00bb\u00a0\u00bb button_alignment_last_edited=\u00a0\u00bbon|tablet\u00a0\u00bb disabled_on=\u00a0\u00bbon|off|off\u00a0\u00bb _builder_version=\u00a0\u00bb4.3.3&Prime; custom_button=\u00a0\u00bbon\u00a0\u00bb button_text_color=\u00a0\u00bb#FFFFFF\u00a0\u00bb button_bg_color=\u00a0\u00bb#1e3888&Prime; button_border_width=\u00a0\u00bb0px\u00a0\u00bb button_border_radius=\u00a0\u00bb0px\u00a0\u00bb button_font=\u00a0\u00bbRoboto|||on|||||\u00a0\u00bb custom_margin=\u00a0\u00bb40px|||||\u00a0\u00bb button_text_size_tablet=\u00a0\u00bb\u00a0\u00bb button_text_size_phone=\u00a0\u00bb18px\u00a0\u00bb button_text_size_last_edited=\u00a0\u00bbon|phone\u00a0\u00bb][\/et_pb_button][\/et_pb_column][et_pb_column type=\u00a0\u00bb2_5&Prime; _builder_version=\u00a0\u00bb4.3.3&Prime;][et_pb_text admin_label=\u00a0\u00bbYour Title\u00a0\u00bb _builder_version=\u00a0\u00bb4.3.3&Prime; text_font=\u00a0\u00bbLibre Baskerville||||||||\u00a0\u00bb text_text_color=\u00a0\u00bb#1e3888&Prime; text_font_size=\u00a0\u00bb38px\u00a0\u00bb text_letter_spacing=\u00a0\u00bb0.5px\u00a0\u00bb text_line_height=\u00a0\u00bb60px\u00a0\u00bb background_layout=\u00a0\u00bbdark\u00a0\u00bb custom_margin=\u00a0\u00bb-4px||1px|0px|false|false\u00a0\u00bb custom_margin_tablet=\u00a0\u00bb\u00a0\u00bb custom_margin_phone=\u00a0\u00bb-25px||1px|0px|false|false\u00a0\u00bb custom_margin_last_edited=\u00a0\u00bbon|phone\u00a0\u00bb custom_padding=\u00a0\u00bb2px|||0px||\u00a0\u00bb text_font_size_tablet=\u00a0\u00bb40&Prime; text_font_size_phone=\u00a0\u00bb30&Prime; text_font_size_last_edited=\u00a0\u00bbon|phone\u00a0\u00bb]<\/p>\n<p>Nos services<\/p>\n<p>[\/et_pb_text][et_pb_text _builder_version=\u00a0\u00bb4.3.3&Prime; text_font=\u00a0\u00bbMontserrat||||||||\u00a0\u00bb text_font_size=\u00a0\u00bb18px\u00a0\u00bb text_line_height=\u00a0\u00bb1.8em\u00a0\u00bb custom_margin=\u00a0\u00bb-2px|-30px|2px||false|false\u00a0\u00bb custom_padding=\u00a0\u00bb17px|64px||0px|false|false\u00a0\u00bb text_font_size_tablet=\u00a0\u00bb\u00a0\u00bb text_font_size_phone=\u00a0\u00bb16px\u00a0\u00bb text_font_size_last_edited=\u00a0\u00bbon|phone\u00a0\u00bb border_color_right=\u00a0\u00bb#1e3888&Prime;]<\/p>\n<ul>\n<li>R\u00e9daction et r\u00e9vision de contrats<\/li>\n<li>Privil\u00e8ges de construction<\/li>\n<li>R\u00e9clamations pour retards et acc\u00e9l\u00e9rations des travaux<\/li>\n<li><em>Loi sur la sant\u00e9 et s\u00e9curit\u00e9 au travail<\/em><\/li>\n<li>Disputes concernant le droit du travail ou de l&#8217;emploi<\/li>\n<li>Disputes concernant la CSPAAT<\/li>\n<\/ul>\n<p>[\/et_pb_text][et_pb_text admin_label=\u00a0\u00bbYour Title\u00a0\u00bb _builder_version=\u00a0\u00bb4.3.3&Prime; text_font=\u00a0\u00bbLibre Baskerville||||||||\u00a0\u00bb text_text_color=\u00a0\u00bb#1e3888&Prime; text_font_size=\u00a0\u00bb38px\u00a0\u00bb text_letter_spacing=\u00a0\u00bb0.5px\u00a0\u00bb text_line_height=\u00a0\u00bb60px\u00a0\u00bb background_layout=\u00a0\u00bbdark\u00a0\u00bb custom_margin=\u00a0\u00bb10px||1px|0px|false|false\u00a0\u00bb custom_padding=\u00a0\u00bb2px|||0px||\u00a0\u00bb text_font_size_tablet=\u00a0\u00bb40&Prime; text_font_size_phone=\u00a0\u00bb30&Prime; text_font_size_last_edited=\u00a0\u00bbon|phone\u00a0\u00bb]<\/p>\n<p>Nos avocats<\/p>\n<p>[\/et_pb_text][et_pb_team_member name=\u00a0\u00bbDenis Cadieux\u00a0\u00bb image_url=\u00a0\u00bbhttps:\/\/mazerollelemay.com\/wp-content\/uploads\/2020\/09\/denis-cadieux-312&#215;310-1.png\u00a0\u00bb name_tablet=\u00a0\u00bbDenis Cadieux\u00a0\u00bb name_phone=\u00a0\u00bbDenis Cadieux\u00a0\u00bb name_last_edited=\u00a0\u00bbon|phone\u00a0\u00bb _builder_version=\u00a0\u00bb4.3.3&Prime; _dynamic_attributes=\u00a0\u00bblink_option_url\u00a0\u00bb body_font=\u00a0\u00bbMontserrat||||||||\u00a0\u00bb body_text_align=\u00a0\u00bbcenter\u00a0\u00bb width=\u00a0\u00bb50%\u00a0\u00bb custom_margin=\u00a0\u00bb29px|-17px||-1px||\u00a0\u00bb custom_margin_tablet=\u00a0\u00bb\u00a0\u00bb custom_margin_phone=\u00a0\u00bb29px|-17px||-15px|false|false\u00a0\u00bb custom_margin_last_edited=\u00a0\u00bbon|phone\u00a0\u00bb link_option_url=\u00a0\u00bbhttps:\/\/mazerollelemay.com\/denis-cadieux\u00a0\u00bb header_font_size_tablet=\u00a0\u00bb\u00a0\u00bb header_font_size_phone=\u00a0\u00bb16px\u00a0\u00bb header_font_size_last_edited=\u00a0\u00bbon|phone\u00a0\u00bb custom_css_main_element=\u00a0\u00bbdisplay:inline-block;||width:49%;\u00a0\u00bb][\/et_pb_team_member][et_pb_button button_text=\u00a0\u00bbVoir les autres services\u00a0\u00bb button_alignment=\u00a0\u00bbleft\u00a0\u00bb button_alignment_tablet=\u00a0\u00bbcenter\u00a0\u00bb button_alignment_phone=\u00a0\u00bb\u00a0\u00bb button_alignment_last_edited=\u00a0\u00bbon|tablet\u00a0\u00bb disabled_on=\u00a0\u00bboff|off|on\u00a0\u00bb _builder_version=\u00a0\u00bb4.3.3&Prime; custom_button=\u00a0\u00bbon\u00a0\u00bb button_text_color=\u00a0\u00bb#FFFFFF\u00a0\u00bb button_bg_color=\u00a0\u00bb#1e3888&Prime; button_border_width=\u00a0\u00bb0px\u00a0\u00bb button_border_radius=\u00a0\u00bb0px\u00a0\u00bb button_font=\u00a0\u00bbRoboto|||on|||||\u00a0\u00bb custom_margin=\u00a0\u00bb40px|||||\u00a0\u00bb button_text_size_tablet=\u00a0\u00bb\u00a0\u00bb button_text_size_phone=\u00a0\u00bb18px\u00a0\u00bb button_text_size_last_edited=\u00a0\u00bbon|phone\u00a0\u00bb][\/et_pb_button][\/et_pb_column][\/et_pb_row][\/et_pb_section][et_pb_section fb_built=\u00a0\u00bb1&Prime; _builder_version=\u00a0\u00bb4.3.3&Prime; background_color=\u00a0\u00bb#1e3888&Prime; background_enable_color=\u00a0\u00bboff\u00a0\u00bb background_image=\u00a0\u00bbhttps:\/\/mazerollelemay.com\/wp-content\/uploads\/2020\/06\/andy-beales-BjcGdM-mjL0-unsplash-scaled.jpg\u00a0\u00bb min_height=\u00a0\u00bb220px\u00a0\u00bb custom_padding=\u00a0\u00bb65px||65px||true|\u00a0\u00bb][et_pb_row _builder_version=\u00a0\u00bb4.3.3&Prime; custom_padding=\u00a0\u00bb4px||4px||true|\u00a0\u00bb][et_pb_column type=\u00a0\u00bb4_4&Prime; _builder_version=\u00a0\u00bb4.3.3&Prime;][et_pb_text _builder_version=\u00a0\u00bb4.3.3&Prime; text_font=\u00a0\u00bbMontserrat||||||||\u00a0\u00bb text_text_color=\u00a0\u00bb#ffffff\u00a0\u00bb text_font_size=\u00a0\u00bb26px\u00a0\u00bb]<\/p>\n<p style=\"text-align: center;\"><em>Int\u00e9grit\u00e9 et Excellence<\/em>, notre promesse \u00e0 tous nos clients<\/p>\n<p>[\/et_pb_text][et_pb_button button_url=\u00a0\u00bbhttps:\/\/mazerollelemay.com\/contact\u00a0\u00bb button_text=\u00a0\u00bbContactez-nous\u00a0\u00bb button_alignment=\u00a0\u00bbcenter\u00a0\u00bb _builder_version=\u00a0\u00bb4.3.3&Prime; custom_button=\u00a0\u00bbon\u00a0\u00bb button_text_color=\u00a0\u00bb#FFFFFF\u00a0\u00bb button_bg_color=\u00a0\u00bb#e1b829&Prime; button_border_width=\u00a0\u00bb0px\u00a0\u00bb button_border_radius=\u00a0\u00bb0px\u00a0\u00bb button_font=\u00a0\u00bbRoboto|||on|||||\u00a0\u00bb custom_margin=\u00a0\u00bb40px|||||\u00a0\u00bb][\/et_pb_button][\/et_pb_column][\/et_pb_row][\/et_pb_section][et_pb_section fb_built=\u00a0\u00bb1&Prime; _builder_version=\u00a0\u00bb3.22&Prime; custom_css_main_element=\u00a0\u00bbdisplay: none !important;\u00a0\u00bb][et_pb_row _builder_version=\u00a0\u00bb3.25&Prime; background_size=\u00a0\u00bbinitial\u00a0\u00bb background_position=\u00a0\u00bbtop_left\u00a0\u00bb background_repeat=\u00a0\u00bbrepeat\u00a0\u00bb][et_pb_column type=\u00a0\u00bb4_4&Prime; _builder_version=\u00a0\u00bb3.25&Prime; custom_padding=\u00a0\u00bb|||\u00a0\u00bb custom_padding__hover=\u00a0\u00bb|||\u00a0\u00bb][et_pb_code admin_label=\u00a0\u00bbCSS Code &#8211; DO NOT REMOVE!\u00a0\u00bb _builder_version=\u00a0\u00bb4.3.3&Prime;]<\/p>\n<style><!-- [et_pb_line_break_holder] -->#page-container {overflow-x: hidden;}<!-- [et_pb_line_break_holder] --><!-- [et_pb_line_break_holder] -->.memorable_events .et_pb_blurb .et_pb_main_blurb_image img {<!-- [et_pb_line_break_holder] -->    display: block !important;<!-- [et_pb_line_break_holder] -->    width: 100% !important;<!-- [et_pb_line_break_holder] -->}<!-- [et_pb_line_break_holder] --><!-- [et_pb_line_break_holder] -->.memorable_events .et_pb_blurb .et_pb_main_blurb_image {<!-- [et_pb_line_break_holder] -->    display: block !important;<!-- [et_pb_line_break_holder] -->}<!-- [et_pb_line_break_holder] --><!-- [et_pb_line_break_holder] -->.event_blurbs .et_pb_column .et_pb_blurb {<!-- [et_pb_line_break_holder] -->    margin-bottom: 30px !important;<!-- [et_pb_line_break_holder] -->}<!-- [et_pb_line_break_holder] --><!-- [et_pb_line_break_holder] -->#page-container {<!-- [et_pb_line_break_holder] -->    overflow: hidden !important<!-- [et_pb_line_break_holder] -->}<!-- [et_pb_line_break_holder] --><!-- [et_pb_line_break_holder] -->.catering_top_section .et_pb_promo .et_pb_promo_description p:last-child {<!-- [et_pb_line_break_holder] -->    padding-bottom: 0 !important;<!-- [et_pb_line_break_holder] -->}<!-- [et_pb_line_break_holder] --><!-- [et_pb_line_break_holder] -->.catering_top_section .et_pb_promo .et_pb_promo_description p {<!-- [et_pb_line_break_holder] -->    padding-bottom: 30px;<!-- [et_pb_line_break_holder] -->}<!-- [et_pb_line_break_holder] --><!-- [et_pb_line_break_holder] -->.catering_form .et_contact_bottom_container {<!-- [et_pb_line_break_holder] -->    width: 100% !important;<!-- [et_pb_line_break_holder] -->    float: none;<!-- [et_pb_line_break_holder] -->}<!-- [et_pb_line_break_holder] --><!-- [et_pb_line_break_holder] -->.catering_form h1.et_pb_contact_main_title {<!-- [et_pb_line_break_holder] -->    text-align: right;<!-- [et_pb_line_break_holder] -->}<!-- [et_pb_line_break_holder] --><!-- [et_pb_line_break_holder] -->.catering_form img {<!-- [et_pb_line_break_holder] -->    height: auto !important;<!-- [et_pb_line_break_holder] -->    display: block !important;<!-- [et_pb_line_break_holder] -->}<!-- [et_pb_line_break_holder] --><!-- [et_pb_line_break_holder] -->.catering_form p.et_pb_contact_field {<!-- [et_pb_line_break_holder] -->    padding-left: 0 !important;<!-- [et_pb_line_break_holder] -->}<!-- [et_pb_line_break_holder] --><!-- [et_pb_line_break_holder] -->body #page-container .catering_form form,<!-- [et_pb_line_break_holder] -->body #page-container .catering_form .et_pb_contact_form_container .et_pb_button {<!-- [et_pb_line_break_holder] -->    margin-left: 0 !important;<!-- [et_pb_line_break_holder] -->}<!-- [et_pb_line_break_holder] --><!-- [et_pb_line_break_holder] -->\/*Placeholder*\/<!-- [et_pb_line_break_holder] --><!-- [et_pb_line_break_holder] -->.catering_form *::-webkit-input-placeholder {<!-- [et_pb_line_break_holder] -->    \/* Chrome\/Opera\/Safari *\/<!-- [et_pb_line_break_holder] -->    color: #fff !important;<!-- [et_pb_line_break_holder] -->}<!-- [et_pb_line_break_holder] --><!-- [et_pb_line_break_holder] -->.catering_form *::-moz-placeholder {<!-- [et_pb_line_break_holder] -->    \/* Firefox 19+ *\/<!-- [et_pb_line_break_holder] -->    color: #fff !important;<!-- [et_pb_line_break_holder] -->}<!-- [et_pb_line_break_holder] --><!-- [et_pb_line_break_holder] -->.catering_form *:-ms-input-placeholder {<!-- [et_pb_line_break_holder] -->    \/* IE 10+ *\/<!-- [et_pb_line_break_holder] -->    color: #fff !important;<!-- [et_pb_line_break_holder] -->}<!-- [et_pb_line_break_holder] --><!-- [et_pb_line_break_holder] -->.catering_form *:-moz-placeholder {<!-- [et_pb_line_break_holder] -->    \/* Firefox 18- *\/<!-- [et_pb_line_break_holder] -->    color: #fff !important;<!-- [et_pb_line_break_holder] -->}<!-- [et_pb_line_break_holder] --><!-- [et_pb_line_break_holder] -->\/*Responsive*\/<!-- [et_pb_line_break_holder] --><!-- [et_pb_line_break_holder] -->@media only screen and (min-width: 1920px) {<!-- [et_pb_line_break_holder] -->    .catering_header .et_pb_row {<!-- [et_pb_line_break_holder] -->        margin-left: 22% !important;<!-- [et_pb_line_break_holder] -->    }<!-- [et_pb_line_break_holder] -->}<!-- [et_pb_line_break_holder] --><!-- [et_pb_line_break_holder] -->@media only screen and (max-width: 1800px) {<!-- [et_pb_line_break_holder] -->    .catering_top_section .et_pb_promo:after,<!-- [et_pb_line_break_holder] -->    .catering_section_book .et_pb_text:after {<!-- [et_pb_line_break_holder] -->        display: none !important;<!-- [et_pb_line_break_holder] -->    }<!-- [et_pb_line_break_holder] -->    .catering_section_book {<!-- [et_pb_line_break_holder] -->        padding-top: 100px !important;<!-- [et_pb_line_break_holder] -->        padding-bottom: 140px !important;<!-- [et_pb_line_break_holder] -->    }<!-- [et_pb_line_break_holder] -->    .catering_form .et_pb_image {<!-- [et_pb_line_break_holder] -->        left: -140px;<!-- [et_pb_line_break_holder] -->    }<!-- [et_pb_line_break_holder] -->    .catering_top_section .et_pb_image:last-child {<!-- [et_pb_line_break_holder] -->        left: 0 !important;<!-- [et_pb_line_break_holder] -->    }<!-- [et_pb_line_break_holder] -->}<!-- [et_pb_line_break_holder] --><!-- [et_pb_line_break_holder] -->@media only screen and (max-width: 1390px) {<!-- [et_pb_line_break_holder] -->    .catering_top_section {<!-- [et_pb_line_break_holder] -->        padding: 40px 40px !important;<!-- [et_pb_line_break_holder] -->    }<!-- [et_pb_line_break_holder] -->    .catering_top_section.et_pb_row {<!-- [et_pb_line_break_holder] -->        width: 90% !important;<!-- [et_pb_line_break_holder] -->        top: -160px;<!-- [et_pb_line_break_holder] -->        margin-bottom: -190px !important;<!-- [et_pb_line_break_holder] -->    }<!-- [et_pb_line_break_holder] -->    .event_blurbs.et_pb_row,<!-- [et_pb_line_break_holder] -->    .event_text.et_pb_row {<!-- [et_pb_line_break_holder] -->        width: 90% !important;<!-- [et_pb_line_break_holder] -->        padding: 40px !important;<!-- [et_pb_line_break_holder] -->    }<!-- [et_pb_line_break_holder] -->    .catering_section_book .et_pb_text {<!-- [et_pb_line_break_holder] -->        text-align: center;<!-- [et_pb_line_break_holder] -->        line-height: 120%;<!-- [et_pb_line_break_holder] -->        padding-left: 0 !important;<!-- [et_pb_line_break_holder] -->    }<!-- [et_pb_line_break_holder] -->    .memorable_events .et_pb_promo {<!-- [et_pb_line_break_holder] -->        width: 100% !important;<!-- [et_pb_line_break_holder] -->    }<!-- [et_pb_line_break_holder] -->    .event_text.et_pb_row .et_pb_image,<!-- [et_pb_line_break_holder] -->    .catering_top_section .et_pb_image,<!-- [et_pb_line_break_holder] -->    .catering_form .et_pb_image,<!-- [et_pb_line_break_holder] -->    .memorable_events .et_pb_image {<!-- [et_pb_line_break_holder] -->        display: none !important;<!-- [et_pb_line_break_holder] -->    }<!-- [et_pb_line_break_holder] -->}<!-- [et_pb_line_break_holder] --><!-- [et_pb_line_break_holder] -->@media only screen and (max-width: 980px) {<!-- [et_pb_line_break_holder] -->    .catering_top_section .et_pb_promo_description {<!-- [et_pb_line_break_holder] -->        padding-bottom: 0 !important;<!-- [et_pb_line_break_holder] -->    }<!-- [et_pb_line_break_holder] -->    .catering_top_section .et_pb_promo {<!-- [et_pb_line_break_holder] -->        margin-bottom: 0 !important;<!-- [et_pb_line_break_holder] -->    }<!-- [et_pb_line_break_holder] -->    .catering_top_section .et_pb_column_4_4 {<!-- [et_pb_line_break_holder] -->        margin-bottom: 0 !important;<!-- [et_pb_line_break_holder] -->    }<!-- [et_pb_line_break_holder] -->    .event_text.et_pb_row {<!-- [et_pb_line_break_holder] -->        padding-bottom: 0 !important;<!-- [et_pb_line_break_holder] -->    }<!-- [et_pb_line_break_holder] -->    .catering_section_book {<!-- [et_pb_line_break_holder] -->        padding-top: 70px !important;<!-- [et_pb_line_break_holder] -->        padding-bottom: 80px !important;<!-- [et_pb_line_break_holder] -->    }<!-- [et_pb_line_break_holder] -->    .memorable_events .et_pb_blurb_container {<!-- [et_pb_line_break_holder] -->        text-align: center !important;<!-- [et_pb_line_break_holder] -->    }<!-- [et_pb_line_break_holder] -->    .catering_form h1.et_pb_contact_main_title {<!-- [et_pb_line_break_holder] -->        text-align: left !important;<!-- [et_pb_line_break_holder] -->    }<!-- [et_pb_line_break_holder] -->    .catering_form .et_pb_promo_description {<!-- [et_pb_line_break_holder] -->        margin-top: 0 !important;<!-- [et_pb_line_break_holder] -->        text-align: left !important;<!-- [et_pb_line_break_holder] -->    }<!-- [et_pb_line_break_holder] -->}<!-- [et_pb_line_break_holder] --><\/style>\n<p>[\/et_pb_code][\/et_pb_column][\/et_pb_row][\/et_pb_section]<\/p>\n","protected":false},"excerpt":{"rendered":"<p>[et_pb_section fb_built=\u00a0\u00bb1&Prime; admin_label=\u00a0\u00bbHeader\u00a0\u00bb module_class=\u00a0\u00bbddd_landing_header\u00a0\u00bb _builder_version=\u00a0\u00bb4.3.3&Prime; background_image=\u00a0\u00bbhttps:\/\/mazerollelemay.com\/wp-content\/uploads\/2020\/09\/construction-2.jpg\u00a0\u00bb max_width=\u00a0\u00bb100%\u00a0\u00bb height=\u00a0\u00bb325px\u00a0\u00bb custom_margin=\u00a0\u00bb105px||||false|false\u00a0\u00bb custom_margin_tablet=\u00a0\u00bb0px||||false|false\u00a0\u00bb custom_margin_phone=\u00a0\u00bb\u00a0\u00bb custom_margin_last_edited=\u00a0\u00bbon|tablet\u00a0\u00bb custom_padding=\u00a0\u00bb54px|0px|0px|0px\u00a0\u00bb bottom_divider_color=\u00a0\u00bb#ffffff\u00a0\u00bb bottom_divider_height=\u00a0\u00bb175px\u00a0\u00bb custom_css_before=\u00a0\u00bbcontent: %22%22;||display: block;||background-image: linear-gradient(to right, rgba(255, 255, 255, 1), rgba(255, 255, 255, .85), rgba(255, 255, 255, .75), rgba(255, 255, 255, .5), rgba(255, 255, 255, 0));||position: absolute;||top: 0;||left: 0;||width: 100%;||height: 100%;\u00a0\u00bb][et_pb_row custom_padding_last_edited=\u00a0\u00bbon|phone\u00a0\u00bb admin_label=\u00a0\u00bbHeader\u00a0\u00bb _builder_version=\u00a0\u00bb4.3.3&Prime; background_size=\u00a0\u00bbinitial\u00a0\u00bb background_position=\u00a0\u00bbtop_left\u00a0\u00bb background_repeat=\u00a0\u00bbrepeat\u00a0\u00bb max_width=\u00a0\u00bb1467px\u00a0\u00bb custom_margin=\u00a0\u00bb|||\u00a0\u00bb custom_padding=\u00a0\u00bb5.5%||5.5%||true|\u00a0\u00bb custom_padding_tablet=\u00a0\u00bb\u00a0\u00bb [&hellip;]<\/p>\n","protected":false},"author":5,"featured_media":0,"parent":0,"menu_order":0,"comment_status":"closed","ping_status":"closed","template":"","meta":{"_et_pb_use_builder":"on","_et_pb_old_content":"<!-- wp:divi\/placeholder \/-->","_et_gb_content_width":"","footnotes":""},"class_list":["post-238940","page","type-page","status-publish","hentry"],"_links":{"self":[{"href":"https:\/\/mazerollelemay.com\/en\/wp-json\/wp\/v2\/pages\/238940","targetHints":{"allow":["GET"]}}],"collection":[{"href":"https:\/\/mazerollelemay.com\/en\/wp-json\/wp\/v2\/pages"}],"about":[{"href":"https:\/\/mazerollelemay.com\/en\/wp-json\/wp\/v2\/types\/page"}],"author":[{"embeddable":true,"href":"https:\/\/mazerollelemay.com\/en\/wp-json\/wp\/v2\/users\/5"}],"replies":[{"embeddable":true,"href":"https:\/\/mazerollelemay.com\/en\/wp-json\/wp\/v2\/comments?post=238940"}],"version-history":[{"count":58,"href":"https:\/\/mazerollelemay.com\/en\/wp-json\/wp\/v2\/pages\/238940\/revisions"}],"predecessor-version":[{"id":246829,"href":"https:\/\/mazerollelemay.com\/en\/wp-json\/wp\/v2\/pages\/238940\/revisions\/246829"}],"wp:attachment":[{"href":"https:\/\/mazerollelemay.com\/en\/wp-json\/wp\/v2\/media?parent=238940"}],"curies":[{"name":"wp","href":"https:\/\/api.w.org\/{rel}","templated":true}]}}