{"id":244834,"date":"2020-08-28T15:46:45","date_gmt":"2020-08-28T15:46:45","guid":{"rendered":"https:\/\/mazerollelemay.com\/?page_id=244834"},"modified":"2020-12-23T02:31:09","modified_gmt":"2020-12-23T02:31:09","slug":"conditions-dutilisation","status":"publish","type":"page","link":"https:\/\/mazerollelemay.com\/en\/conditions-dutilisation\/","title":{"rendered":"Conditions of use"},"content":{"rendered":"<p>[et_pb_section fb_built=\u00a0\u00bb1&Prime; admin_label=\u00a0\u00bbHeader\u00a0\u00bb module_class=\u00a0\u00bbddd_landing_header\u00a0\u00bb _builder_version=\u00a0\u00bb4.3.3&Prime; background_enable_color=\u00a0\u00bboff\u00a0\u00bb background_image=\u00a0\u00bbhttps:\/\/mazerollelemay.com\/wp-content\/uploads\/2020\/07\/robbie-palmer-Gf3bWrqiIGQ-unsplash-scaled.jpg\u00a0\u00bb max_width=\u00a0\u00bb100%\u00a0\u00bb height=\u00a0\u00bb250px\u00a0\u00bb custom_margin=\u00a0\u00bb100px||||false|false\u00a0\u00bb custom_margin_tablet=\u00a0\u00bb\u00a0\u00bb custom_margin_phone=\u00a0\u00bb100px||||false|false\u00a0\u00bb custom_margin_last_edited=\u00a0\u00bbon|phone\u00a0\u00bb custom_padding=\u00a0\u00bb54px|0px|0px|0px\u00a0\u00bb bottom_divider_color=\u00a0\u00bb#ffffff\u00a0\u00bb bottom_divider_height=\u00a0\u00bb175px\u00a0\u00bb][et_pb_row admin_label=\u00a0\u00bbHeader\u00a0\u00bb _builder_version=\u00a0\u00bb4.3.3&Prime; background_size=\u00a0\u00bbinitial\u00a0\u00bb background_position=\u00a0\u00bbtop_left\u00a0\u00bb background_repeat=\u00a0\u00bbrepeat\u00a0\u00bb module_alignment=\u00a0\u00bbcenter\u00a0\u00bb custom_margin=\u00a0\u00bb-91px|90px|-1px|auto||\u00a0\u00bb custom_margin_tablet=\u00a0\u00bb|80px|||false|false\u00a0\u00bb custom_margin_phone=\u00a0\u00bb|35px|||false|false\u00a0\u00bb custom_margin_last_edited=\u00a0\u00bbon|tablet\u00a0\u00bb custom_padding=\u00a0\u00bb9%||9%||true|false\u00a0\u00bb use_custom_width=\u00a0\u00bbon\u00a0\u00bb custom_width_px=\u00a0\u00bb1175px\u00a0\u00bb][et_pb_column type=\u00a0\u00bb4_4&Prime; _builder_version=\u00a0\u00bb3.25&Prime; custom_padding=\u00a0\u00bb|||\u00a0\u00bb custom_padding__hover=\u00a0\u00bb|||\u00a0\u00bb][et_pb_text admin_label=\u00a0\u00bbYour Title\u00a0\u00bb _builder_version=\u00a0\u00bb4.3.3&Prime; text_font=\u00a0\u00bbLibre Baskerville||||||||\u00a0\u00bb text_text_color=\u00a0\u00bb#ffffff\u00a0\u00bb text_font_size=\u00a0\u00bb60px\u00a0\u00bb text_letter_spacing=\u00a0\u00bb0.5px\u00a0\u00bb text_line_height=\u00a0\u00bb60px\u00a0\u00bb background_layout=\u00a0\u00bbdark\u00a0\u00bb custom_margin=\u00a0\u00bb||||false|false\u00a0\u00bb text_font_size_tablet=\u00a0\u00bb50px\u00a0\u00bb text_font_size_phone=\u00a0\u00bb40px\u00a0\u00bb text_font_size_last_edited=\u00a0\u00bbon|tablet\u00a0\u00bb]<\/p>\n<p style=\"text-align: center;\">Conditions d&rsquo;utilisation<\/p>\n<p>[\/et_pb_text][\/et_pb_column][\/et_pb_row][\/et_pb_section][et_pb_section fb_built=\u00a0\u00bb1&Prime; admin_label=\u00a0\u00bbOur Mission\u00a0\u00bb module_class=\u00a0\u00bbddd_landing_mission\u00a0\u00bb _builder_version=\u00a0\u00bb4.3.3&Prime; background_color=\u00a0\u00bb#1e3888&Prime; background_enable_color=\u00a0\u00bboff\u00a0\u00bb min_height=\u00a0\u00bb110px\u00a0\u00bb custom_padding=\u00a0\u00bb50px|0px|50px|0px|true|false\u00a0\u00bb][et_pb_row _builder_version=\u00a0\u00bb4.3.3&Prime; custom_margin=\u00a0\u00bb-50px|auto||auto||\u00a0\u00bb custom_padding=\u00a0\u00bb15px||15px||true|false\u00a0\u00bb][et_pb_column type=\u00a0\u00bb4_4&Prime; _builder_version=\u00a0\u00bb4.3.3&Prime;][et_pb_text module_id=\u00a0\u00bbcontact-please\u00a0\u00bb _builder_version=\u00a0\u00bb4.3.3&Prime; text_font=\u00a0\u00bbLibre Baskerville||||||||\u00a0\u00bb text_text_color=\u00a0\u00bb#1e3888&Prime; text_font_size=\u00a0\u00bb36px\u00a0\u00bb text_line_height=\u00a0\u00bb1.2em\u00a0\u00bb custom_margin=\u00a0\u00bb65px||42px||false|false\u00a0\u00bb hover_enabled=\u00a0\u00bb0&Prime; text_orientation_tablet=\u00a0\u00bbcenter\u00a0\u00bb text_orientation_phone=\u00a0\u00bbcenter\u00a0\u00bb text_orientation_last_edited=\u00a0\u00bbon|tablet\u00a0\u00bb width__hover_enabled=\u00a0\u00bbon|desktop\u00a0\u00bb]<\/p>\n<p>Conditions d&rsquo;utilisation du site web de\u00a0Mazerolle &amp; Lemay<\/p>\n<p>[\/et_pb_text][et_pb_text _builder_version=\u00a0\u00bb4.3.3&Prime; text_font=\u00a0\u00bbMontserrat||||||||\u00a0\u00bb text_text_color=\u00a0\u00bbrgba(0,0,0,0.68)\u00a0\u00bb text_font_size=\u00a0\u00bb16px\u00a0\u00bb text_line_height=\u00a0\u00bb1.8em\u00a0\u00bb]<\/p>\n<p>Nous vons encourageons \u00e0 consulter le site web de Mazerolle &amp; Lemay en autant que vous respectiez les modalit\u00e9s \u00e9nonc\u00e9es ci-apr\u00e8s. En utilisant notre site web, vous acceptez de vous conformez aux conditions d&rsquo;utilisation et d&rsquo;\u00eatre li\u00e9 par celle-ci. Mazerolle &amp; Lemay se r\u00e9serve le droit de modifier en tout temps et sans pr\u00e9avis les conditions d&rsquo;utilisation de notre site. Toute modification aux conditions d&rsquo;utilisation de notre site seront affich\u00e9es ici. Nous vous encourageons donc de consulter p\u00e9riodiquement cette page afin d&rsquo;obtenir une version \u00e0 jour des conditons d&rsquo;utilisation.<\/p>\n<p>[\/et_pb_text][et_pb_text module_id=\u00a0\u00bbcontact-please\u00a0\u00bb _builder_version=\u00a0\u00bb4.3.3&Prime; text_font=\u00a0\u00bbLibre Baskerville||||||||\u00a0\u00bb text_text_color=\u00a0\u00bb#1e3888&Prime; text_font_size=\u00a0\u00bb36px\u00a0\u00bb custom_margin=\u00a0\u00bb65px||42px||false|false\u00a0\u00bb text_orientation_tablet=\u00a0\u00bbcenter\u00a0\u00bb text_orientation_phone=\u00a0\u00bbcenter\u00a0\u00bb text_orientation_last_edited=\u00a0\u00bbon|tablet\u00a0\u00bb]<\/p>\n<p>Absence d&rsquo;avis juridique\u00a0<\/p>\n<p>[\/et_pb_text][et_pb_text _builder_version=\u00a0\u00bb4.3.3&Prime; text_font=\u00a0\u00bbMontserrat||||||||\u00a0\u00bb text_text_color=\u00a0\u00bbrgba(0,0,0,0.68)\u00a0\u00bb text_font_size=\u00a0\u00bb16px\u00a0\u00bb text_line_height=\u00a0\u00bb1.8em\u00a0\u00bb]<\/p>\n<p>Les informations contenuesnsur notre site \u00a0web vous sont fournies \u00e0 titre indicatif seulement et sont prot\u00e9g\u00e9s par des droits d&rsquo;auteur : @2020 Mazerolle &amp; Lemay. Ces informations ne sont pas un avis juridiques et vous ne devez pas vous en servir comme tel. Ainsi, Mazerolle &amp; Lemay ne peut se porter responsable de tout dommage que vous pourriez subir en raison du fait que vous vous \u00eates fiez aux informations contenus sur notre site web sans avoir obtenu des conseils juridiques appropri\u00e9s. Nous vous encourageons de communiquer avec un membre de l&rsquo;\u00e9quipe Mazerolle &amp; Lemay pour discuter de tout besoin que vous pourriez avoir de nature juridique.<\/p>\n<p>[\/et_pb_text][et_pb_text module_id=\u00a0\u00bbcontact-please\u00a0\u00bb _builder_version=\u00a0\u00bb4.3.3&Prime; text_font=\u00a0\u00bbLibre Baskerville||||||||\u00a0\u00bb text_text_color=\u00a0\u00bb#1e3888&Prime; text_font_size=\u00a0\u00bb36px\u00a0\u00bb custom_margin=\u00a0\u00bb65px||42px||false|false\u00a0\u00bb text_orientation_tablet=\u00a0\u00bbcenter\u00a0\u00bb text_orientation_phone=\u00a0\u00bbcenter\u00a0\u00bb text_orientation_last_edited=\u00a0\u00bbon|tablet\u00a0\u00bb]<\/p>\n<p>Absence de confidentialit\u00e9<\/p>\n<p>[\/et_pb_text][et_pb_text _builder_version=\u00a0\u00bb4.3.3&Prime; text_font=\u00a0\u00bbMontserrat||||||||\u00a0\u00bb text_text_color=\u00a0\u00bbrgba(0,0,0,0.68)\u00a0\u00bb text_font_size=\u00a0\u00bb16px\u00a0\u00bb text_line_height=\u00a0\u00bb1.8em\u00a0\u00bb]<\/p>\n<p>Mazerolle &amp; Lemay n&rsquo;est pas en mesure de garantir la s\u00e9curit\u00e9 et la confidentitialit\u00e9 d&rsquo;aucune information transmise par l&rsquo;internet.\u00a0<\/p>\n<p>[\/et_pb_text][et_pb_text module_id=\u00a0\u00bbcontact-please\u00a0\u00bb _builder_version=\u00a0\u00bb4.3.3&Prime; text_font=\u00a0\u00bbLibre Baskerville||||||||\u00a0\u00bb text_text_color=\u00a0\u00bb#1e3888&Prime; text_font_size=\u00a0\u00bb36px\u00a0\u00bb custom_margin=\u00a0\u00bb65px||42px||false|false\u00a0\u00bb text_orientation_tablet=\u00a0\u00bbcenter\u00a0\u00bb text_orientation_phone=\u00a0\u00bbcenter\u00a0\u00bb text_orientation_last_edited=\u00a0\u00bbon|tablet\u00a0\u00bb]<\/p>\n<p>Absence de relation avocat-client<\/p>\n<p>[\/et_pb_text][et_pb_text _builder_version=\u00a0\u00bb4.3.3&Prime; text_font=\u00a0\u00bbMontserrat||||||||\u00a0\u00bb text_text_color=\u00a0\u00bbrgba(0,0,0,0.68)\u00a0\u00bb text_font_size=\u00a0\u00bb16px\u00a0\u00bb text_line_height=\u00a0\u00bb1.8em\u00a0\u00bb]<\/p>\n<p>Votre simple utilisation de notre site web et vos communications aux membres de notre \u00a0\u00e9quipe ne cr\u00e9ent aucunement une relation d&rsquo;avocat-client, ainsi vos communications ne sont pas sujettes au secret professionnel de l&rsquo;avocat.<\/p>\n<p>[\/et_pb_text][et_pb_text module_id=\u00a0\u00bbcontact-please\u00a0\u00bb _builder_version=\u00a0\u00bb4.3.3&Prime; text_font=\u00a0\u00bbLibre Baskerville||||||||\u00a0\u00bb text_text_color=\u00a0\u00bb#1e3888&Prime; text_font_size=\u00a0\u00bb36px\u00a0\u00bb custom_margin=\u00a0\u00bb65px||42px||false|false\u00a0\u00bb text_orientation_tablet=\u00a0\u00bbcenter\u00a0\u00bb text_orientation_phone=\u00a0\u00bbcenter\u00a0\u00bb text_orientation_last_edited=\u00a0\u00bbon|tablet\u00a0\u00bb]<\/p>\n<p>Mise en garde et limite sur notre responsabilit\u00e9<\/p>\n<p>[\/et_pb_text][et_pb_text _builder_version=\u00a0\u00bb4.3.3&Prime; text_font=\u00a0\u00bbMontserrat||||||||\u00a0\u00bb text_text_color=\u00a0\u00bbrgba(0,0,0,0.68)\u00a0\u00bb text_font_size=\u00a0\u00bb16px\u00a0\u00bb text_line_height=\u00a0\u00bb1.8em\u00a0\u00bb]<\/p>\n<p>Votre utilisation de notre site web est faite \u00e0 vos propres risques. Le site et les informations aff\u00e9rentes sont fournies tels quels et ne sont accompagn\u00e9s d&rsquo;aucune d\u00e9claration, garantie ou condition de quelque nature qui soit (y compris les d\u00e9clarations, garanties, conditions quant au titre, \u00e0 la quantit\u00e9 marchande, \u00e0 sa convenance pour un usage particulier). Mazerolle &amp; Lemay n&rsquo;est donc pas responsable des dommages, directs, indirects, exemplaires, sp\u00e9ciaux, punitifs, accessoires, cons\u00e9cutifs ou particuliers, pr\u00e9visibles ou non (y compris dommages \u00e0 la suite de pertes de profits ou de pertes d&rsquo;occasion d&rsquo;affaires, de retards dans l&rsquo;utilisation de notre site web, de l&rsquo;impossibilit\u00e9 d&rsquo;utiliser notre site web, de la prestation de services, d&rsquo;erreurs, d&rsquo;omissions, d&rsquo;interruptions, de suppressions de fichiers, de d\u00e9fauts ou de retards dans le fonctionnement ou la transmission), que ce soit en raison d&rsquo;une violation de contrat, d&rsquo;un d\u00e9lit, de la responsabilit\u00e9 stricte ou autrement.<\/p>\n<p>[\/et_pb_text][\/et_pb_column][\/et_pb_row][\/et_pb_section][et_pb_section fb_built=\u00a0\u00bb1&Prime; disabled_on=\u00a0\u00bboff|off|off\u00a0\u00bb _builder_version=\u00a0\u00bb4.3.3&Prime; background_color=\u00a0\u00bb#1e3888&Prime; background_enable_color=\u00a0\u00bboff\u00a0\u00bb background_image=\u00a0\u00bbhttps:\/\/mazerollelemay.com\/wp-content\/uploads\/2020\/09\/chelsey-faucher-x0rHqRbBHbM-unsplash-2.jpg\u00a0\u00bb min_height=\u00a0\u00bb182px\u00a0\u00bb custom_padding=\u00a0\u00bb65px||65px||true|\u00a0\u00bb][et_pb_row column_structure=\u00a0\u00bb1_2,1_2&Prime; use_custom_gutter=\u00a0\u00bbon\u00a0\u00bb gutter_width=\u00a0\u00bb2&Prime; _builder_version=\u00a0\u00bb4.3.3&Prime; custom_padding=\u00a0\u00bb0px|0px|0px|100px|true|false\u00a0\u00bb][et_pb_column type=\u00a0\u00bb1_2&Prime; _builder_version=\u00a0\u00bb4.3.3&Prime;][et_pb_text _builder_version=\u00a0\u00bb4.3.3&Prime; text_font=\u00a0\u00bbMontserrat||||||||\u00a0\u00bb text_text_color=\u00a0\u00bb#ffffff\u00a0\u00bb text_font_size=\u00a0\u00bb26px\u00a0\u00bb text_line_height=\u00a0\u00bb1.2em\u00a0\u00bb]<\/p>\n<p style=\"text-align: right;\"><em>Int\u00e9grit\u00e9 et Excellence<\/em>, notre promesse \u00e0 tous nos clients<\/p>\n<p>[\/et_pb_text][\/et_pb_column][et_pb_column type=\u00a0\u00bb1_2&Prime; _builder_version=\u00a0\u00bb4.3.3&Prime;][et_pb_button button_text=\u00a0\u00bbContactez-nous       \u00a0\u00bb button_alignment=\u00a0\u00bbleft\u00a0\u00bb _builder_version=\u00a0\u00bb4.3.3&Prime; custom_button=\u00a0\u00bbon\u00a0\u00bb button_text_color=\u00a0\u00bb#FFFFFF\u00a0\u00bb button_bg_color=\u00a0\u00bb#e1b829&Prime; button_border_width=\u00a0\u00bb2px\u00a0\u00bb button_border_color=\u00a0\u00bbrgba(0,0,0,0)\u00a0\u00bb button_border_radius=\u00a0\u00bb0px\u00a0\u00bb button_font=\u00a0\u00bbRoboto|||on|||||\u00a0\u00bb custom_margin=\u00a0\u00bb8px||8px||true|false\u00a0\u00bb custom_padding=\u00a0\u00bb||||false|false\u00a0\u00bb][\/et_pb_button][\/et_pb_column][\/et_pb_row][\/et_pb_section][et_pb_section fb_built=\u00a0\u00bb1&Prime; _builder_version=\u00a0\u00bb3.22&Prime; custom_css_main_element=\u00a0\u00bbdisplay: none !important;\u00a0\u00bb][et_pb_row _builder_version=\u00a0\u00bb3.25&Prime; background_size=\u00a0\u00bbinitial\u00a0\u00bb background_position=\u00a0\u00bbtop_left\u00a0\u00bb background_repeat=\u00a0\u00bbrepeat\u00a0\u00bb][et_pb_column type=\u00a0\u00bb4_4&Prime; _builder_version=\u00a0\u00bb3.25&Prime; custom_padding=\u00a0\u00bb|||\u00a0\u00bb custom_padding__hover=\u00a0\u00bb|||\u00a0\u00bb][et_pb_code admin_label=\u00a0\u00bbCSS Code &#8211; DO NOT REMOVE!\u00a0\u00bb _builder_version=\u00a0\u00bb4.3.3&Prime;]<\/p>\n<style><!-- [et_pb_line_break_holder] -->#page-container {overflow-x: hidden;}<!-- [et_pb_line_break_holder] --><!-- [et_pb_line_break_holder] -->.memorable_events .et_pb_blurb .et_pb_main_blurb_image img {<!-- [et_pb_line_break_holder] -->    display: block !important;<!-- [et_pb_line_break_holder] -->    width: 100% !important;<!-- [et_pb_line_break_holder] -->}<!-- [et_pb_line_break_holder] --><!-- [et_pb_line_break_holder] -->.memorable_events .et_pb_blurb .et_pb_main_blurb_image {<!-- [et_pb_line_break_holder] -->    display: block !important;<!-- [et_pb_line_break_holder] -->}<!-- [et_pb_line_break_holder] --><!-- [et_pb_line_break_holder] -->.event_blurbs .et_pb_column .et_pb_blurb {<!-- [et_pb_line_break_holder] -->    margin-bottom: 30px !important;<!-- [et_pb_line_break_holder] -->}<!-- [et_pb_line_break_holder] --><!-- [et_pb_line_break_holder] -->#page-container {<!-- [et_pb_line_break_holder] -->    overflow: hidden !important<!-- [et_pb_line_break_holder] -->}<!-- [et_pb_line_break_holder] --><!-- [et_pb_line_break_holder] -->.catering_top_section .et_pb_promo .et_pb_promo_description p:last-child {<!-- [et_pb_line_break_holder] -->    padding-bottom: 0 !important;<!-- [et_pb_line_break_holder] -->}<!-- [et_pb_line_break_holder] --><!-- [et_pb_line_break_holder] -->.catering_top_section .et_pb_promo .et_pb_promo_description p {<!-- [et_pb_line_break_holder] -->    padding-bottom: 30px;<!-- [et_pb_line_break_holder] -->}<!-- [et_pb_line_break_holder] --><!-- [et_pb_line_break_holder] -->.catering_form .et_contact_bottom_container {<!-- [et_pb_line_break_holder] -->    width: 100% !important;<!-- [et_pb_line_break_holder] -->    float: none;<!-- [et_pb_line_break_holder] -->}<!-- [et_pb_line_break_holder] --><!-- [et_pb_line_break_holder] -->.catering_form h1.et_pb_contact_main_title {<!-- [et_pb_line_break_holder] -->    text-align: right;<!-- [et_pb_line_break_holder] -->}<!-- [et_pb_line_break_holder] --><!-- [et_pb_line_break_holder] -->.catering_form img {<!-- [et_pb_line_break_holder] -->    height: auto !important;<!-- [et_pb_line_break_holder] -->    display: block !important;<!-- [et_pb_line_break_holder] -->}<!-- [et_pb_line_break_holder] --><!-- [et_pb_line_break_holder] -->.catering_form p.et_pb_contact_field {<!-- [et_pb_line_break_holder] -->    padding-left: 0 !important;<!-- [et_pb_line_break_holder] -->}<!-- [et_pb_line_break_holder] --><!-- [et_pb_line_break_holder] -->body #page-container .catering_form form,<!-- [et_pb_line_break_holder] -->body #page-container .catering_form .et_pb_contact_form_container .et_pb_button {<!-- [et_pb_line_break_holder] -->    margin-left: 0 !important;<!-- [et_pb_line_break_holder] -->}<!-- [et_pb_line_break_holder] --><!-- [et_pb_line_break_holder] -->\/*Placeholder*\/<!-- [et_pb_line_break_holder] --><!-- [et_pb_line_break_holder] -->.catering_form *::-webkit-input-placeholder {<!-- [et_pb_line_break_holder] -->    \/* Chrome\/Opera\/Safari *\/<!-- [et_pb_line_break_holder] -->    color: #fff !important;<!-- [et_pb_line_break_holder] -->}<!-- [et_pb_line_break_holder] --><!-- [et_pb_line_break_holder] -->.catering_form *::-moz-placeholder {<!-- [et_pb_line_break_holder] -->    \/* Firefox 19+ *\/<!-- [et_pb_line_break_holder] -->    color: #fff !important;<!-- [et_pb_line_break_holder] -->}<!-- [et_pb_line_break_holder] --><!-- [et_pb_line_break_holder] -->.catering_form *:-ms-input-placeholder {<!-- [et_pb_line_break_holder] -->    \/* IE 10+ *\/<!-- [et_pb_line_break_holder] -->    color: #fff !important;<!-- [et_pb_line_break_holder] -->}<!-- [et_pb_line_break_holder] --><!-- [et_pb_line_break_holder] -->.catering_form *:-moz-placeholder {<!-- [et_pb_line_break_holder] -->    \/* Firefox 18- *\/<!-- [et_pb_line_break_holder] -->    color: #fff !important;<!-- [et_pb_line_break_holder] -->}<!-- [et_pb_line_break_holder] --><!-- [et_pb_line_break_holder] -->\/*Responsive*\/<!-- [et_pb_line_break_holder] --><!-- [et_pb_line_break_holder] -->@media only screen and (min-width: 1920px) {<!-- [et_pb_line_break_holder] -->    .catering_header .et_pb_row {<!-- [et_pb_line_break_holder] -->        margin-left: 22% !important;<!-- [et_pb_line_break_holder] -->    }<!-- [et_pb_line_break_holder] -->}<!-- [et_pb_line_break_holder] --><!-- [et_pb_line_break_holder] -->@media only screen and (max-width: 1800px) {<!-- [et_pb_line_break_holder] -->    .catering_top_section .et_pb_promo:after,<!-- [et_pb_line_break_holder] -->    .catering_section_book .et_pb_text:after {<!-- [et_pb_line_break_holder] -->        display: none !important;<!-- [et_pb_line_break_holder] -->    }<!-- [et_pb_line_break_holder] -->    .catering_section_book {<!-- [et_pb_line_break_holder] -->        padding-top: 100px !important;<!-- [et_pb_line_break_holder] -->        padding-bottom: 140px !important;<!-- [et_pb_line_break_holder] -->    }<!-- [et_pb_line_break_holder] -->    .catering_form .et_pb_image {<!-- [et_pb_line_break_holder] -->        left: -140px;<!-- [et_pb_line_break_holder] -->    }<!-- [et_pb_line_break_holder] -->    .catering_top_section .et_pb_image:last-child {<!-- [et_pb_line_break_holder] -->        left: 0 !important;<!-- [et_pb_line_break_holder] -->    }<!-- [et_pb_line_break_holder] -->}<!-- [et_pb_line_break_holder] --><!-- [et_pb_line_break_holder] -->@media only screen and (max-width: 1390px) {<!-- [et_pb_line_break_holder] -->    .catering_top_section {<!-- [et_pb_line_break_holder] -->        padding: 40px 40px !important;<!-- [et_pb_line_break_holder] -->    }<!-- [et_pb_line_break_holder] -->    .catering_top_section.et_pb_row {<!-- [et_pb_line_break_holder] -->        width: 90% !important;<!-- [et_pb_line_break_holder] -->        top: -160px;<!-- [et_pb_line_break_holder] -->        margin-bottom: -190px !important;<!-- [et_pb_line_break_holder] -->    }<!-- [et_pb_line_break_holder] -->    .event_blurbs.et_pb_row,<!-- [et_pb_line_break_holder] -->    .event_text.et_pb_row {<!-- [et_pb_line_break_holder] -->        width: 90% !important;<!-- [et_pb_line_break_holder] -->        padding: 40px !important;<!-- [et_pb_line_break_holder] -->    }<!-- [et_pb_line_break_holder] -->    .catering_section_book .et_pb_text {<!-- [et_pb_line_break_holder] -->        text-align: center;<!-- [et_pb_line_break_holder] -->        line-height: 120%;<!-- [et_pb_line_break_holder] -->        padding-left: 0 !important;<!-- [et_pb_line_break_holder] -->    }<!-- [et_pb_line_break_holder] -->    .memorable_events .et_pb_promo {<!-- [et_pb_line_break_holder] -->        width: 100% !important;<!-- [et_pb_line_break_holder] -->    }<!-- [et_pb_line_break_holder] -->    .event_text.et_pb_row .et_pb_image,<!-- [et_pb_line_break_holder] -->    .catering_top_section .et_pb_image,<!-- [et_pb_line_break_holder] -->    .catering_form .et_pb_image,<!-- [et_pb_line_break_holder] -->    .memorable_events .et_pb_image {<!-- [et_pb_line_break_holder] -->        display: none !important;<!-- [et_pb_line_break_holder] -->    }<!-- [et_pb_line_break_holder] -->}<!-- [et_pb_line_break_holder] --><!-- [et_pb_line_break_holder] -->@media only screen and (max-width: 980px) {<!-- [et_pb_line_break_holder] -->    .catering_top_section .et_pb_promo_description {<!-- [et_pb_line_break_holder] -->        padding-bottom: 0 !important;<!-- [et_pb_line_break_holder] -->    }<!-- [et_pb_line_break_holder] -->    .catering_top_section .et_pb_promo {<!-- [et_pb_line_break_holder] -->        margin-bottom: 0 !important;<!-- [et_pb_line_break_holder] -->    }<!-- [et_pb_line_break_holder] -->    .catering_top_section .et_pb_column_4_4 {<!-- [et_pb_line_break_holder] -->        margin-bottom: 0 !important;<!-- [et_pb_line_break_holder] -->    }<!-- [et_pb_line_break_holder] -->    .event_text.et_pb_row {<!-- [et_pb_line_break_holder] -->        padding-bottom: 0 !important;<!-- [et_pb_line_break_holder] -->    }<!-- [et_pb_line_break_holder] -->    .catering_section_book {<!-- [et_pb_line_break_holder] -->        padding-top: 70px !important;<!-- [et_pb_line_break_holder] -->        padding-bottom: 80px !important;<!-- [et_pb_line_break_holder] -->    }<!-- [et_pb_line_break_holder] -->    .memorable_events .et_pb_blurb_container {<!-- [et_pb_line_break_holder] -->        text-align: center !important;<!-- [et_pb_line_break_holder] -->    }<!-- [et_pb_line_break_holder] -->    .catering_form h1.et_pb_contact_main_title {<!-- [et_pb_line_break_holder] -->        text-align: left !important;<!-- [et_pb_line_break_holder] -->    }<!-- [et_pb_line_break_holder] -->    .catering_form .et_pb_promo_description {<!-- [et_pb_line_break_holder] -->        margin-top: 0 !important;<!-- [et_pb_line_break_holder] -->        text-align: left !important;<!-- [et_pb_line_break_holder] -->    }<!-- [et_pb_line_break_holder] -->}<!-- [et_pb_line_break_holder] --><\/style>\n<p>[\/et_pb_code][\/et_pb_column][\/et_pb_row][\/et_pb_section]<\/p>\n","protected":false},"excerpt":{"rendered":"<p>[et_pb_section fb_built=\u00a0\u00bb1&Prime; admin_label=\u00a0\u00bbHeader\u00a0\u00bb module_class=\u00a0\u00bbddd_landing_header\u00a0\u00bb _builder_version=\u00a0\u00bb4.3.3&Prime; background_enable_color=\u00a0\u00bboff\u00a0\u00bb background_image=\u00a0\u00bbhttps:\/\/mazerollelemay.com\/wp-content\/uploads\/2020\/07\/robbie-palmer-Gf3bWrqiIGQ-unsplash-scaled.jpg\u00a0\u00bb max_width=\u00a0\u00bb100%\u00a0\u00bb height=\u00a0\u00bb250px\u00a0\u00bb custom_margin=\u00a0\u00bb100px||||false|false\u00a0\u00bb custom_margin_tablet=\u00a0\u00bb\u00a0\u00bb custom_margin_phone=\u00a0\u00bb100px||||false|false\u00a0\u00bb custom_margin_last_edited=\u00a0\u00bbon|phone\u00a0\u00bb custom_padding=\u00a0\u00bb54px|0px|0px|0px\u00a0\u00bb bottom_divider_color=\u00a0\u00bb#ffffff\u00a0\u00bb bottom_divider_height=\u00a0\u00bb175px\u00a0\u00bb][et_pb_row admin_label=\u00a0\u00bbHeader\u00a0\u00bb _builder_version=\u00a0\u00bb4.3.3&Prime; background_size=\u00a0\u00bbinitial\u00a0\u00bb background_position=\u00a0\u00bbtop_left\u00a0\u00bb background_repeat=\u00a0\u00bbrepeat\u00a0\u00bb module_alignment=\u00a0\u00bbcenter\u00a0\u00bb custom_margin=\u00a0\u00bb-91px|90px|-1px|auto||\u00a0\u00bb custom_margin_tablet=\u00a0\u00bb|80px|||false|false\u00a0\u00bb custom_margin_phone=\u00a0\u00bb|35px|||false|false\u00a0\u00bb custom_margin_last_edited=\u00a0\u00bbon|tablet\u00a0\u00bb custom_padding=\u00a0\u00bb9%||9%||true|false\u00a0\u00bb use_custom_width=\u00a0\u00bbon\u00a0\u00bb custom_width_px=\u00a0\u00bb1175px\u00a0\u00bb][et_pb_column type=\u00a0\u00bb4_4&Prime; _builder_version=\u00a0\u00bb3.25&Prime; custom_padding=\u00a0\u00bb|||\u00a0\u00bb custom_padding__hover=\u00a0\u00bb|||\u00a0\u00bb][et_pb_text admin_label=\u00a0\u00bbYour Title\u00a0\u00bb _builder_version=\u00a0\u00bb4.3.3&Prime; text_font=\u00a0\u00bbLibre Baskerville||||||||\u00a0\u00bb text_text_color=\u00a0\u00bb#ffffff\u00a0\u00bb text_font_size=\u00a0\u00bb60px\u00a0\u00bb text_letter_spacing=\u00a0\u00bb0.5px\u00a0\u00bb text_line_height=\u00a0\u00bb60px\u00a0\u00bb background_layout=\u00a0\u00bbdark\u00a0\u00bb custom_margin=\u00a0\u00bb||||false|false\u00a0\u00bb text_font_size_tablet=\u00a0\u00bb50px\u00a0\u00bb text_font_size_phone=\u00a0\u00bb40px\u00a0\u00bb text_font_size_last_edited=\u00a0\u00bbon|tablet\u00a0\u00bb] Conditions d&rsquo;utilisation [\/et_pb_text][\/et_pb_column][\/et_pb_row][\/et_pb_section][et_pb_section fb_built=\u00a0\u00bb1&Prime; admin_label=\u00a0\u00bbOur Mission\u00a0\u00bb module_class=\u00a0\u00bbddd_landing_mission\u00a0\u00bb _builder_version=\u00a0\u00bb4.3.3&Prime; [&hellip;]<\/p>\n","protected":false},"author":5,"featured_media":0,"parent":0,"menu_order":0,"comment_status":"closed","ping_status":"closed","template":"","meta":{"_et_pb_use_builder":"on","_et_pb_old_content":"","_et_gb_content_width":"","footnotes":""},"class_list":["post-244834","page","type-page","status-publish","hentry"],"_links":{"self":[{"href":"https:\/\/mazerollelemay.com\/en\/wp-json\/wp\/v2\/pages\/244834","targetHints":{"allow":["GET"]}}],"collection":[{"href":"https:\/\/mazerollelemay.com\/en\/wp-json\/wp\/v2\/pages"}],"about":[{"href":"https:\/\/mazerollelemay.com\/en\/wp-json\/wp\/v2\/types\/page"}],"author":[{"embeddable":true,"href":"https:\/\/mazerollelemay.com\/en\/wp-json\/wp\/v2\/users\/5"}],"replies":[{"embeddable":true,"href":"https:\/\/mazerollelemay.com\/en\/wp-json\/wp\/v2\/comments?post=244834"}],"version-history":[{"count":10,"href":"https:\/\/mazerollelemay.com\/en\/wp-json\/wp\/v2\/pages\/244834\/revisions"}],"predecessor-version":[{"id":246370,"href":"https:\/\/mazerollelemay.com\/en\/wp-json\/wp\/v2\/pages\/244834\/revisions\/246370"}],"wp:attachment":[{"href":"https:\/\/mazerollelemay.com\/en\/wp-json\/wp\/v2\/media?parent=244834"}],"curies":[{"name":"wp","href":"https:\/\/api.w.org\/{rel}","templated":true}]}}